    {"id":2474,"date":"2024-04-09T13:39:31","date_gmt":"2024-04-09T11:39:31","guid":{"rendered":"https:\/\/parketkerkhofs.be\/emplois\/"},"modified":"2024-09-23T11:32:48","modified_gmt":"2024-09-23T09:32:48","slug":"emplois","status":"publish","type":"page","link":"https:\/\/parketkerkhofs.be\/fr\/emplois\/","title":{"rendered":"Emplois"},"content":{"rendered":"\t\t<div data-elementor-type=\"wp-page\" data-elementor-id=\"2474\" class=\"elementor elementor-2474 elementor-31\" data-elementor-post-type=\"page\">\n\t\t\t\t<div class=\"elementor-element elementor-element-c31e5ea e-con-full e-flex e-con e-parent\" data-id=\"c31e5ea\" data-element_type=\"container\" data-e-type=\"container\" data-settings=\"{&quot;background_background&quot;:&quot;classic&quot;}\">\n\t\t\t\t<\/div>\n\t\t<div class=\"elementor-element elementor-element-7c1e9ea e-flex e-con-boxed e-con e-parent\" data-id=\"7c1e9ea\" data-element_type=\"container\" data-e-type=\"container\">\n\t\t\t\t\t<div class=\"e-con-inner\">\n\t\t<div class=\"elementor-element elementor-element-eb9f26f e-con-full e-flex e-con e-child\" data-id=\"eb9f26f\" data-element_type=\"container\" data-e-type=\"container\" data-settings=\"{&quot;background_background&quot;:&quot;classic&quot;}\">\n\t\t\t\t<div class=\"elementor-element elementor-element-b0cc1a4 elementor-widget elementor-widget-heading\" data-id=\"b0cc1a4\" data-element_type=\"widget\" data-e-type=\"widget\" data-widget_type=\"heading.default\">\n\t\t\t\t<div class=\"elementor-widget-container\">\n\t\t\t\t\t<h1 class=\"elementor-heading-title elementor-size-default\">Nous sommes toujours \u00e0 la recherche de talents !  <\/h1>\t\t\t\t<\/div>\n\t\t\t\t<\/div>\n\t\t\t\t<div class=\"elementor-element elementor-element-de611f0 elementor-widget elementor-widget-text-editor\" data-id=\"de611f0\" data-element_type=\"widget\" data-e-type=\"widget\" data-widget_type=\"text-editor.default\">\n\t\t\t\t<div class=\"elementor-widget-container\">\n\t\t\t\t\t\t\t\t\t<p>Passionn\u00e9 par le bois ? Saisissez votre chance et rejoignez notre \u00e9quipe de sp\u00e9cialistes du bois qui s&rsquo;honorent de leur travail.<\/p>\n\t\t\t\t\t\t\t\t<\/div>\n\t\t\t\t<\/div>\n\t\t\t\t<\/div>\n\t\t<div class=\"elementor-element elementor-element-dba13f6 e-con-full elementor-hidden-mobile e-flex e-con e-child\" data-id=\"dba13f6\" data-element_type=\"container\" data-e-type=\"container\">\n\t\t\t\t<\/div>\n\t\t\t\t\t<\/div>\n\t\t\t\t<\/div>\n\t\t<div class=\"elementor-element elementor-element-57973ab e-flex e-con-boxed e-con e-parent\" data-id=\"57973ab\" data-element_type=\"container\" data-e-type=\"container\">\n\t\t\t\t\t<div class=\"e-con-inner\">\n\t\t<div class=\"elementor-element elementor-element-71a4793 e-con-full e-flex e-con e-child\" data-id=\"71a4793\" data-element_type=\"container\" data-e-type=\"container\">\n\t\t\t\t<div class=\"elementor-element elementor-element-6fc94a9 elementor-widget elementor-widget-heading\" data-id=\"6fc94a9\" data-element_type=\"widget\" data-e-type=\"widget\" data-widget_type=\"heading.default\">\n\t\t\t\t<div class=\"elementor-widget-container\">\n\t\t\t\t\t<h2 class=\"elementor-heading-title elementor-size-default\">A propos de Kerkhofs Parket<\/h2>\t\t\t\t<\/div>\n\t\t\t\t<\/div>\n\t\t\t\t<div class=\"elementor-element elementor-element-18e8480 elementor-widget elementor-widget-text-editor\" data-id=\"18e8480\" data-element_type=\"widget\" data-e-type=\"widget\" data-widget_type=\"text-editor.default\">\n\t\t\t\t<div class=\"elementor-widget-container\">\n\t\t\t\t\t\t\t\t\t<p>Kerkhofs Parket est un nom retentissant dans le secteur des professionnels du bois en tant que fabricant et grossiste de parquet depuis des d\u00e9cennies. Depuis notre site de Peer (Limbourg), nous assurons une livraison exclusive aux poseurs de parquet et aux parqueteurs et garantissons une personnalisation et un service complet avec des produits de finition. L&rsquo;amour du bois coule dans les veines de quatre g\u00e9n\u00e9rations d\u00e9j\u00e0. Des ann\u00e9es d&rsquo;exp\u00e9rience et un savoir-faire authentique sont les principaux piliers de Kerkhofs Parket.<\/p>\n<p>Vous souhaitez rejoindre notre \u00e9quipe enthousiaste de passionn\u00e9s du bois ? Nous sommes toujours \u00e0 la recherche de nouveaux talents pour rejoindre notre \u00e9quipe.<\/p>\n<p>Remplissez le formulaire ci-dessous et envoyez votre candidature spontan\u00e9e !<\/p>\n\t\t\t\t\t\t\t\t<\/div>\n\t\t\t\t<\/div>\n\t\t\t\t<\/div>\n\t\t<div class=\"elementor-element elementor-element-36ff5c8 e-con-full e-flex e-con e-child\" data-id=\"36ff5c8\" data-element_type=\"container\" data-e-type=\"container\" data-settings=\"{&quot;background_background&quot;:&quot;video&quot;,&quot;background_video_link&quot;:&quot;https:\\\/\\\/parketkerkhofs.be\\\/wp-content\\\/uploads\\\/2024\\\/07\\\/Jami-Productions-Kerkhofs-parket-Promo-no-black-bars.mp4&quot;,&quot;background_play_on_mobile&quot;:&quot;yes&quot;}\">\n\t\t<div class=\"elementor-background-video-container\">\n\t\t\t\t\t\t\t<video class=\"elementor-background-video-hosted\" role=\"presentation\" autoplay muted playsinline loop><\/video>\n\t\t\t\t\t<\/div>\t\t<\/div>\n\t\t\t\t\t<\/div>\n\t\t\t\t<\/div>\n\t\t<div class=\"elementor-element elementor-element-4093d92 elementor-hidden-tablet elementor-hidden-mobile elementor-hidden-desktop e-flex e-con-boxed e-con e-parent\" data-id=\"4093d92\" data-element_type=\"container\" data-e-type=\"container\">\n\t\t\t\t\t<div class=\"e-con-inner\">\n\t\t<div class=\"elementor-element elementor-element-487afe8 e-con-full e-flex e-con e-child\" data-id=\"487afe8\" data-element_type=\"container\" data-e-type=\"container\">\n\t\t\t\t<div class=\"elementor-element elementor-element-8c02a30 elementor-widget elementor-widget-heading\" data-id=\"8c02a30\" data-element_type=\"widget\" data-e-type=\"widget\" data-widget_type=\"heading.default\">\n\t\t\t\t<div class=\"elementor-widget-container\">\n\t\t\t\t\t<h3 class=\"elementor-heading-title elementor-size-default\">Postes vacants<\/h3>\t\t\t\t<\/div>\n\t\t\t\t<\/div>\n\t\t\t\t<\/div>\n\t\t\t\t\t<\/div>\n\t\t\t\t<\/div>\n\t\t<div class=\"elementor-element elementor-element-05ccba3 elementor-hidden-tablet elementor-hidden-mobile elementor-hidden-desktop e-flex e-con-boxed e-con e-parent\" data-id=\"05ccba3\" data-element_type=\"container\" data-e-type=\"container\">\n\t\t\t\t\t<div class=\"e-con-inner\">\n\t\t\t\t<div class=\"elementor-element elementor-element-9f46dca elementor-grid-3 elementor-grid-tablet-2 elementor-grid-mobile-1 elementor-widget elementor-widget-loop-grid\" data-id=\"9f46dca\" data-element_type=\"widget\" data-e-type=\"widget\" data-settings=\"{&quot;template_id&quot;:2508,&quot;_skin&quot;:&quot;post&quot;,&quot;columns&quot;:&quot;3&quot;,&quot;columns_tablet&quot;:&quot;2&quot;,&quot;columns_mobile&quot;:&quot;1&quot;,&quot;edit_handle_selector&quot;:&quot;[data-elementor-type=\\&quot;loop-item\\&quot;]&quot;,&quot;row_gap&quot;:{&quot;unit&quot;:&quot;px&quot;,&quot;size&quot;:&quot;&quot;,&quot;sizes&quot;:[]},&quot;row_gap_tablet&quot;:{&quot;unit&quot;:&quot;px&quot;,&quot;size&quot;:&quot;&quot;,&quot;sizes&quot;:[]},&quot;row_gap_mobile&quot;:{&quot;unit&quot;:&quot;px&quot;,&quot;size&quot;:&quot;&quot;,&quot;sizes&quot;:[]}}\" data-widget_type=\"loop-grid.post\">\n\t\t\t\t<div class=\"elementor-widget-container\">\n\t\t\t\t\t\t\t<div class=\"e-loop-nothing-found-message\">\n\t\t<\/div>\n\t\t\t\t\t\t<\/div>\n\t\t\t\t<\/div>\n\t\t\t\t\t<\/div>\n\t\t\t\t<\/div>\n\t\t<div class=\"elementor-element elementor-element-4bc2620 e-flex e-con-boxed e-con e-parent\" data-id=\"4bc2620\" data-element_type=\"container\" data-e-type=\"container\">\n\t\t\t\t\t<div class=\"e-con-inner\">\n\t\t<div class=\"elementor-element elementor-element-2a9edf0 e-con-full e-flex e-con e-child\" data-id=\"2a9edf0\" data-element_type=\"container\" data-e-type=\"container\">\n\t\t\t\t<div class=\"elementor-element elementor-element-c6917b4 elementor-widget elementor-widget-heading\" data-id=\"c6917b4\" data-element_type=\"widget\" data-e-type=\"widget\" data-widget_type=\"heading.default\">\n\t\t\t\t<div class=\"elementor-widget-container\">\n\t\t\t\t\t<h3 class=\"elementor-heading-title elementor-size-default\">Application spontan\u00e9e<\/h3>\t\t\t\t<\/div>\n\t\t\t\t<\/div>\n\t\t\t\t<div class=\"elementor-element elementor-element-a007a89 elementor-widget elementor-widget-text-editor\" data-id=\"a007a89\" data-element_type=\"widget\" data-e-type=\"widget\" data-widget_type=\"text-editor.default\">\n\t\t\t\t<div class=\"elementor-widget-container\">\n\t\t\t\t\t\t\t\t\t<p><strong>Vous souhaitez faire partie de notre \u00e9quipe ?  <\/strong><\/p>\n\t\t\t\t\t\t\t\t<\/div>\n\t\t\t\t<\/div>\n\t\t\t\t<div class=\"elementor-element elementor-element-a3f9a94 elementor-widget elementor-widget-text-editor\" data-id=\"a3f9a94\" data-element_type=\"widget\" data-e-type=\"widget\" data-widget_type=\"text-editor.default\">\n\t\t\t\t<div class=\"elementor-widget-container\">\n\t\t\t\t\t\t\t\t\t<p>Vous pensez pouvoir apporter une valeur ajout\u00e9e \u00e0 notre \u00e9quipe ? Alors n&rsquo;h\u00e9sitez pas \u00e0 nous contacter !<\/p>\n<h5><strong>Qui sommes-nous ?<\/strong><\/h5>\n<p>Kerkhofs Parket est un nom retentissant dans le secteur des professionnels du bois en tant que fabricant et grossiste de parquet depuis des d\u00e9cennies. Depuis notre site de Peer (Limbourg), nous assurons une livraison exclusive aux poseurs de parquet et aux parqueteurs et garantissons une personnalisation et un service complet avec des produits de finition. L&rsquo;amour du bois coule dans les veines de quatre g\u00e9n\u00e9rations d\u00e9j\u00e0. Des ann\u00e9es d&rsquo;exp\u00e9rience et un savoir-faire authentique sont les principaux piliers de Kerkhofs Parket.<\/p>\n<h5><strong>Qu&rsquo;est-ce que nous vous offrons ?<\/strong><\/h5>\n<ul>\n<li>Un emploi \u00e0 temps plein avec des horaires de jour.<\/li>\n<li>R\u00e9mun\u00e9ration ad\u00e9quate, y compris les avantages sociaux.<\/li>\n<li>Un contrat permanent est n\u00e9gociable.<\/li>\n<li>Une formation compl\u00e8te qui vous permet de suivre des cours suppl\u00e9mentaires afin d&rsquo;am\u00e9liorer vos comp\u00e9tences.<\/li>\n<li>Une atmosph\u00e8re de travail agr\u00e9able et familiale au sein d&rsquo;une \u00e9quipe soud\u00e9e et d&rsquo;une culture d&rsquo;entreprise ouverte.<\/li>\n<\/ul>\n<h5><strong>Pr\u00eat \u00e0 rejoindre notre \u00e9quipe enthousiaste ?<\/strong><\/h5>\n<p>N&rsquo;h\u00e9sitez pas \u00e0 envoyer votre CV accompagn\u00e9 d&rsquo;une lettre de motivation convaincante \u00e0 petra@parketkerkhofs.be.<\/p>\n\t\t\t\t\t\t\t\t<\/div>\n\t\t\t\t<\/div>\n\t\t\t\t<\/div>\n\t\t<div class=\"elementor-element elementor-element-2d73f49 e-con-full e-flex e-con e-child\" data-id=\"2d73f49\" data-element_type=\"container\" data-e-type=\"container\" data-settings=\"{&quot;background_background&quot;:&quot;classic&quot;}\">\n\t\t\t\t<div class=\"elementor-element elementor-element-b49b5ca elementor-widget elementor-widget-heading\" data-id=\"b49b5ca\" data-element_type=\"widget\" data-e-type=\"widget\" data-widget_type=\"heading.default\">\n\t\t\t\t<div class=\"elementor-widget-container\">\n\t\t\t\t\t<h3 class=\"elementor-heading-title elementor-size-default\">N'h\u00e9sitez pas \u00e0 nous contacter, remplissez le formulaire et joignez votre CV.<\/h3>\t\t\t\t<\/div>\n\t\t\t\t<\/div>\n\t\t\t\t<div class=\"elementor-element elementor-element-5ece7f0 cl-formulier-wit elementor-widget elementor-widget-formidable\" data-id=\"5ece7f0\" data-element_type=\"widget\" data-e-type=\"widget\" data-widget_type=\"formidable.default\">\n\t\t\t\t<div class=\"elementor-widget-container\">\n\t\t\t\t\t<div class=\"frm_forms  with_frm_style frm_style_formidable-stijlen\" id=\"frm_form_9_container\" data-token=\"6369a222dddf991ed8c9cf494a451e83\">\n<form enctype=\"multipart\/form-data\" method=\"post\" class=\"frm-show-form  frm_pro_form \" id=\"form_spontane-sollicitatie4\" data-token=\"6369a222dddf991ed8c9cf494a451e83\">\n<div class=\"frm_form_fields \">\n<fieldset>\n<legend class=\"frm_screen_reader\">Spontane sollicitatie (FR)<\/legend>\r\n\r\n<div class=\"frm_fields_container\">\n<input type=\"hidden\" name=\"frm_action\" value=\"create\" \/>\n<input type=\"hidden\" name=\"form_id\" value=\"9\" \/>\n<input type=\"hidden\" name=\"frm_hide_fields_9\" id=\"frm_hide_fields_9\" value=\"\" \/>\n<input type=\"hidden\" name=\"form_key\" value=\"spontane-sollicitatie4\" \/>\n<input type=\"hidden\" name=\"item_meta[0]\" value=\"\" \/>\n<input type=\"hidden\" id=\"frm_submit_entry_9\" name=\"frm_submit_entry_9\" value=\"51e5f0f47f\" \/><input type=\"hidden\" name=\"_wp_http_referer\" value=\"\/fr\/wp-json\/wp\/v2\/pages\/2474\" \/><div id=\"frm_field_72_container\" class=\"frm_form_field form-field  frm_required_field frm_none_container\">\r\n    <div  id=\"field_2me4b6_label\" class=\"frm_primary_label\">Nom\r\n        <span class=\"frm_required\" aria-hidden=\"true\">*<\/span>\r\n    <\/div>\r\n    <fieldset aria-labelledby=\"field_2me4b6_label\">\n\t<legend class=\"frm_screen_reader frm_hidden\">\n\t\tNom\t<\/legend>\n\n\t<div  class=\"frm_combo_inputs_container\" id=\"frm_combo_inputs_container_72\" data-name-layout=\"first_last\">\n\t\t\t\t\t<div\n\t\t\t\tid=\"frm_field_72-first_container\"\n\t\t\t\tclass=\"frm_form_field form-field frm_form_subfield-first  frm6\"\n\t\t\t\tdata-sub-field-name=\"first\"\n\t\t\t>\n\t\t\t\t<label for=\"field_2me4b6_first\" class=\"frm_screen_reader frm_hidden\">\n\t\t\t\t\tNom\t\t\t\t<\/label>\n\n\t\t\t\t<input  type=\"text\" id=\"field_2me4b6_first\" value=\"\" name=\"item_meta[72][first]\" autocomplete=\"given-name\" placeholder=\"Pr\u00e9nom\" data-reqmsg=\"Nom kan niet leeg zijn.\" aria-required=\"true\" data-invmsg=\"Nom est non valide\" aria-invalid=\"false\"  \/>\t\t\t<\/div>\n\t\t\t\t\t\t<div\n\t\t\t\tid=\"frm_field_72-last_container\"\n\t\t\t\tclass=\"frm_form_field form-field frm_form_subfield-last  frm6\"\n\t\t\t\tdata-sub-field-name=\"last\"\n\t\t\t>\n\t\t\t\t<label for=\"field_2me4b6_last\" class=\"frm_screen_reader frm_hidden\">\n\t\t\t\t\tNom\t\t\t\t<\/label>\n\n\t\t\t\t<input  type=\"text\" id=\"field_2me4b6_last\" value=\"\" name=\"item_meta[72][last]\" autocomplete=\"family-name\" placeholder=\"Nom de famille\" data-reqmsg=\"Nom kan niet leeg zijn.\" aria-required=\"true\" data-invmsg=\"Nom est non valide\" aria-invalid=\"false\"  \/>\t\t\t<\/div>\n\t\t\t\t<\/div>\n<\/fieldset>\n\r\n    \r\n    \r\n<\/div>\n<div id=\"frm_field_73_container\" class=\"frm_form_field form-field  frm_required_field frm_none_container\">\r\n    <label for=\"field_g7hy46\" id=\"field_g7hy46_label\" class=\"frm_primary_label\">Adresse\r\n        <span class=\"frm_required\" aria-hidden=\"true\">*<\/span>\r\n    <\/label>\r\n    <input  type=\"text\" id=\"field_g7hy46\" name=\"item_meta[73]\" value=\"\"  placeholder=\"Adresse\" data-reqmsg=\"Adresse kan niet leeg zijn.\" aria-required=\"true\" data-invmsg=\"Adresse is ongeldig\" aria-invalid=\"false\"   \/>\r\n    \r\n    \r\n<\/div>\n<div id=\"frm_field_74_container\" class=\"frm_form_field form-field  frm_required_field frm_none_container frm6 frm_first\">\r\n    <label for=\"field_dr6pj6\" id=\"field_dr6pj6_label\" class=\"frm_primary_label\">Code postal\r\n        <span class=\"frm_required\" aria-hidden=\"true\">*<\/span>\r\n    <\/label>\r\n    <input  type=\"text\" id=\"field_dr6pj6\" name=\"item_meta[74]\" value=\"\"  placeholder=\"Code postal\" data-reqmsg=\"Code postal kan niet leeg zijn.\" aria-required=\"true\" data-invmsg=\"Code postal is ongeldig\" aria-invalid=\"false\"   \/>\r\n    \r\n    \r\n<\/div>\n<div id=\"frm_field_75_container\" class=\"frm_form_field form-field  frm_required_field frm_none_container frm6\">\r\n    <label for=\"field_k8oqv6\" id=\"field_k8oqv6_label\" class=\"frm_primary_label\">Localisation\r\n        <span class=\"frm_required\" aria-hidden=\"true\">*<\/span>\r\n    <\/label>\r\n    <input  type=\"text\" id=\"field_k8oqv6\" name=\"item_meta[75]\" value=\"\"  placeholder=\"Localisation\" data-reqmsg=\"Localisation kan niet leeg zijn.\" aria-required=\"true\" data-invmsg=\"Localisation is ongeldig\" aria-invalid=\"false\"   \/>\r\n    \r\n    \r\n<\/div>\n<div id=\"frm_field_76_container\" class=\"frm_form_field form-field  frm_required_field frm_none_container frm6 frm_first\">\r\n    <label for=\"field_5fvo86\" id=\"field_5fvo86_label\" class=\"frm_primary_label\">Courriel\r\n        <span class=\"frm_required\" aria-hidden=\"true\">*<\/span>\r\n    <\/label>\r\n    <input type=\"email\" id=\"field_5fvo86\" name=\"item_meta[76]\" value=\"\"  placeholder=\"Courriel\" data-reqmsg=\"Courriel kan niet leeg zijn.\" aria-required=\"true\" data-invmsg=\"Courriel is ongeldig\" aria-invalid=\"false\"  \/>\r\n    \r\n    \r\n<\/div>\n<div id=\"frm_field_77_container\" class=\"frm_form_field form-field  frm_required_field frm_none_container frm6\">\r\n    <label for=\"field_qog7v6\" id=\"field_qog7v6_label\" class=\"frm_primary_label\">Num\u00e9ro de t\u00e9l\u00e9phone\r\n        <span class=\"frm_required\" aria-hidden=\"true\">*<\/span>\r\n    <\/label>\r\n    <input  type=\"text\" id=\"field_qog7v6\" name=\"item_meta[77]\" value=\"\"  placeholder=\"Num\u00e9ro de t\u00e9l\u00e9phone\" data-reqmsg=\"Num\u00e9ro de t\u00e9l\u00e9phone kan niet leeg zijn.\" aria-required=\"true\" data-invmsg=\"Num\u00e9ro de t\u00e9l\u00e9phone is ongeldig\" aria-invalid=\"false\"   \/>\r\n    \r\n    \r\n<\/div>\n<div id=\"frm_field_78_container\" class=\"frm_form_field form-field  frm_required_field frm_none_container frm12 frm_first\">\r\n    <label for=\"field_ox0v6\" id=\"field_ox0v6_label\" class=\"frm_primary_label\">Motivation\r\n        <span class=\"frm_required\" aria-hidden=\"true\">*<\/span>\r\n    <\/label>\r\n    <textarea name=\"item_meta[78]\" id=\"field_ox0v6\" rows=\"5\"  placeholder=\"Motivation\" data-reqmsg=\"Motivation kan niet leeg zijn.\" aria-required=\"true\" data-invmsg=\"Motivation est non valide\" aria-invalid=\"false\"  ><\/textarea>\r\n    \r\n    \r\n<\/div>\n<div id=\"frm_field_83_container\" class=\"frm_form_field form-field  frm_top_container frm12\">\n\t<label for=\"field_vfkl7\" id=\"field_vfkl7_label\" class=\"frm_primary_label\">T\u00e9l\u00e9chargez votre CV\n\t\t<span class=\"frm_required\" aria-hidden=\"true\"><\/span>\n\t<\/label>\n\t<input type=\"hidden\"  data-invmsg=\"T\u00e9l\u00e9chargez votre CV is ongeldig\" aria-invalid=\"false\"   name=\"item_meta[83]\"  value=\"\" data-frmfile=\"83\" \/>\n\n<div class=\"frm_dropzone frm_single_upload frm_clearfix\" id=\"file83_dropzone\" role=\"group\" >\n\t<div class=\"fallback\">\n\t\t<input type=\"file\" name=\"file83\" id=\"field_vfkl7\"\n\t\t\t data-invmsg=\"T\u00e9l\u00e9chargez votre CV is ongeldig\" aria-invalid=\"false\"  \t\t\t\/>\n\t\t\t\t<div class=\"frm_clearfix \"><\/div>\n\t<\/div>\n\t<div class=\"dz-message needsclick\">\n\t\t\t\t<svg  viewBox=\"0 0 18 18\" class=\"frmsvg frm-svg-icon\">\n\t<path viewBox=\"0 0 18 18\" fill-rule=\"evenodd\" clip-rule=\"evenodd\" d=\"M8.2 4v8a.8.8 0 001.5 0V4l2.1 2.2A.7.7 0 1013 5L9.5 1.7a.7.7 0 00-1.1 0L5.1 5.2a.8.8 0 001 1l2.1-2zm7.6 4.3c.4 0 .7.3.7.7v6.8c0 .4-.3.7-.8.7H2.3a.8.8 0 01-.8-.8V9A.8.8 0 013 9v6h12V9c0-.4.3-.8.8-.8z\"><\/path>\n<\/svg>\t\t<span class=\"frm_upload_text\"><button type=\"button\" aria-label=\"T\u00e9l\u00e9chargez votre CV. . Taille de fichier maximale\u00a0: 134.22MB\"><\/button><\/span>\n\t\t<span class=\"frm_compact_text\"><button type=\"button\" aria-label=\"T\u00e9l\u00e9chargez votre CV. . Taille de fichier maximale\u00a0: 134.22MB\"><\/button><\/span>\n\t\t<div class=\"frm_small_text\">\n\t\t\t<p>Taille de fichier maximale\u00a0: 134.22MB<\/p>\n\t\t<\/div>\n\t<\/div>\n<\/div>\n\t\n\t\n\t\n<\/div>\n<div id=\"frm_field_79_container\" class=\"frm_form_field form-field \">\r\n\t<div class=\"frm_submit frm_flex\">\r\n<button class=\"frm_button_submit frm_final_submit\" type=\"submit\"   formnovalidate=\"formnovalidate\">Livraison<\/button>\r\n\r\n\r\n\r\n<\/div>\r\n<\/div>\n\t<input type=\"hidden\" name=\"item_key\" value=\"\" \/>\n\t\t\t<div id=\"frm_field_104_container\">\n\t\t\t<label for=\"field_xazo5\" >\n\t\t\t\tSi vous \u00eates un humain, ne remplissez pas ce champ.\t\t\t<\/label>\n\t\t\t<input  id=\"field_xazo5\" type=\"text\" class=\"frm_form_field form-field frm_verify\" name=\"item_meta[104]\" value=\"\"  \/>\n\t\t<\/div>\n\t\t<input name=\"frm_state\" type=\"hidden\" value=\"WB7zLVwbqq6rdgmQJg5AHHhlgxI0ny7lcnlzxaWPEy7H4x\/vIVhpZCw2z4CHjnDp\" \/><\/div>\n<\/fieldset>\n<\/div>\n\n<\/form>\n<\/div>\n\t\t\t\t<\/div>\n\t\t\t\t<\/div>\n\t\t\t\t<\/div>\n\t\t\t\t\t<\/div>\n\t\t\t\t<\/div>\n\t\t\t\t<\/div>\n\t\t","protected":false},"excerpt":{"rendered":"<p>Nous sommes toujours \u00e0 la recherche de talents ! Passionn\u00e9 par le bois ? Saisissez votre chance et rejoignez notre [&hellip;]<\/p>\n","protected":false},"author":1,"featured_media":0,"parent":0,"menu_order":0,"comment_status":"closed","ping_status":"closed","template":"elementor_header_footer","meta":{"_acf_changed":false,"site-sidebar-layout":"no-sidebar","site-content-layout":"","ast-site-content-layout":"full-width-container","site-content-style":"default","site-sidebar-style":"default","ast-global-header-display":"","ast-banner-title-visibility":"","ast-main-header-display":"","ast-hfb-above-header-display":"","ast-hfb-below-header-display":"","ast-hfb-mobile-header-display":"","site-post-title":"disabled","ast-breadcrumbs-content":"","ast-featured-img":"disabled","footer-sml-layout":"","ast-disable-related-posts":"","theme-transparent-header-meta":"","adv-header-id-meta":"","stick-header-meta":"","header-above-stick-meta":"","header-main-stick-meta":"","header-below-stick-meta":"","astra-migrate-meta-layouts":"default","ast-page-background-enabled":"default","ast-page-background-meta":{"desktop":{"background-color":"var(--ast-global-color-4)","background-image":"","background-repeat":"repeat","background-position":"center center","background-size":"auto","background-attachment":"scroll","background-type":"","background-media":"","overlay-type":"","overlay-color":"","overlay-opacity":"","overlay-gradient":""},"tablet":{"background-color":"","background-image":"","background-repeat":"repeat","background-position":"center center","background-size":"auto","background-attachment":"scroll","background-type":"","background-media":"","overlay-type":"","overlay-color":"","overlay-opacity":"","overlay-gradient":""},"mobile":{"background-color":"","background-image":"","background-repeat":"repeat","background-position":"center center","background-size":"auto","background-attachment":"scroll","background-type":"","background-media":"","overlay-type":"","overlay-color":"","overlay-opacity":"","overlay-gradient":""}},"ast-content-background-meta":{"desktop":{"background-color":"var(--ast-global-color-5)","background-image":"","background-repeat":"repeat","background-position":"center center","background-size":"auto","background-attachment":"scroll","background-type":"","background-media":"","overlay-type":"","overlay-color":"","overlay-opacity":"","overlay-gradient":""},"tablet":{"background-color":"var(--ast-global-color-5)","background-image":"","background-repeat":"repeat","background-position":"center center","background-size":"auto","background-attachment":"scroll","background-type":"","background-media":"","overlay-type":"","overlay-color":"","overlay-opacity":"","overlay-gradient":""},"mobile":{"background-color":"var(--ast-global-color-5)","background-image":"","background-repeat":"repeat","background-position":"center center","background-size":"auto","background-attachment":"scroll","background-type":"","background-media":"","overlay-type":"","overlay-color":"","overlay-opacity":"","overlay-gradient":""}},"footnotes":""},"class_list":["post-2474","page","type-page","status-publish","hentry"],"acf":[],"_links":{"self":[{"href":"https:\/\/parketkerkhofs.be\/fr\/wp-json\/wp\/v2\/pages\/2474","targetHints":{"allow":["GET"]}}],"collection":[{"href":"https:\/\/parketkerkhofs.be\/fr\/wp-json\/wp\/v2\/pages"}],"about":[{"href":"https:\/\/parketkerkhofs.be\/fr\/wp-json\/wp\/v2\/types\/page"}],"author":[{"embeddable":true,"href":"https:\/\/parketkerkhofs.be\/fr\/wp-json\/wp\/v2\/users\/1"}],"replies":[{"embeddable":true,"href":"https:\/\/parketkerkhofs.be\/fr\/wp-json\/wp\/v2\/comments?post=2474"}],"version-history":[{"count":0,"href":"https:\/\/parketkerkhofs.be\/fr\/wp-json\/wp\/v2\/pages\/2474\/revisions"}],"wp:attachment":[{"href":"https:\/\/parketkerkhofs.be\/fr\/wp-json\/wp\/v2\/media?parent=2474"}],"curies":[{"name":"wp","href":"https:\/\/api.w.org\/{rel}","templated":true}]}}